{"id":2517,"date":"2025-11-03T14:50:48","date_gmt":"2025-11-03T11:50:48","guid":{"rendered":"https:\/\/goldberg.lv\/shop\/diadent-gutta-percha-points-ml-029-p60-120pcs\/"},"modified":"2026-04-15T17:44:47","modified_gmt":"2026-04-15T14:44:47","slug":"diadent-gutta-percha-points-ml-029-p60-120pcs","status":"publish","type":"product","link":"https:\/\/goldberg.lv\/lv\/shop\/diadent-gutta-percha-points-ml-029-p60-120pcs\/","title":{"rendered":"DiaDent Gutta Percha punkti ML.029 P60\/120gab."},"content":{"rendered":"<p align=\"left\"><strong>IEGUVES:<\/strong><\/p>\n<div align=\"left\">\n<ul>\n<li>\u0100tra un vienk\u0101r\u0161a dzi\u013cuma m\u0113r\u012bjumu metode<\/li>\n<li>Nov\u0113r\u0161 virsotnes perfor\u0101cijas, kas var izrais\u012bt asi\u0146o\u0161anu.<\/li>\n<li>Piln\u012bb\u0101 nosl\u0113dz kan\u0101lu vis\u0101 t\u0101 garum\u0101.<\/li>\n<li>Ietaupiet kr\u0113sla laiku ar iepriek\u0161 izm\u0113r\u012btiem punktiem<\/li>\n<li>Visprec\u012bz\u0101kie dzi\u013cuma m\u0113r\u012bjumi<\/li>\n<\/ul>\n<\/div>\n<p align=\"left\"><strong>L\u0100ZERA P\u0100RBAUDE:<\/strong><\/p>\n<div align=\"left\">\n<ul>\n<li>P\u0101rsniegt ISO specifik\u0101cijas<\/li>\n<li>Izmantojot l\u0101zera staru, katram DiaDent ML.029 punktam tiek atsevi\u0161\u0137i p\u0101rbaud\u012bts diametrs D3 un D16.<\/li>\n<li>ISO un ADA standarts paredz izmantot 1\/100 mm inkrement\u0101l\u0101s m\u0113rvien\u012bbas DiaDent izmanto 1\/1000 mm inkrementu.<\/li>\n<\/ul>\n<\/div>","protected":false},"excerpt":{"rendered":"<p><strong>ML.029 Gutta Percha punkti<\/strong>\u00a0nodro\u0161ina \u0101tru un uzticamu risin\u0101jumu sak\u0146u kan\u0101lu m\u0113r\u012b\u0161anai un aizpild\u012b\u0161anai. Tas samazina p\u0101rm\u0113r\u012bgas izple\u0161an\u0101s iesp\u0113ju. Diametra pielaide +- .-29 nodro\u0161ina izcilu pieska\u0146ojumu pil\u0113m. Uzga\u013ci nesatur kadmiju, lateksu, ir radiop\u0101rredzami un ar rok\u0101m velm\u0113ti.<\/p>\n<p>\u0160iem gutaper\u010das punktiem ir ISO (starptautiskie standarta izm\u0113ri), kas noz\u012bm\u0113, ka tie ir\u00a0<strong>.02 konusveida.<\/strong>\u00a0 Pieejams b\u012bd\u0101maj\u0101 iepakojum\u0101 (120 punkti kast\u0113).<\/p>","protected":false},"featured_media":4821,"template":"","meta":[],"product_brand":[90],"product_cat":[48,113],"product_tag":[],"class_list":{"0":"post-2517","1":"product","2":"type-product","3":"status-publish","4":"has-post-thumbnail","6":"product_brand-diadent","7":"product_cat-diadent","8":"product_cat-endodontics","10":"first","11":"instock","12":"shipping-taxable","13":"purchasable","14":"product-type-simple"},"_links":{"self":[{"href":"https:\/\/goldberg.lv\/lv\/wp-json\/wp\/v2\/product\/2517","targetHints":{"allow":["GET"]}}],"collection":[{"href":"https:\/\/goldberg.lv\/lv\/wp-json\/wp\/v2\/product"}],"about":[{"href":"https:\/\/goldberg.lv\/lv\/wp-json\/wp\/v2\/types\/product"}],"wp:featuredmedia":[{"embeddable":true,"href":"https:\/\/goldberg.lv\/lv\/wp-json\/wp\/v2\/media\/4821"}],"wp:attachment":[{"href":"https:\/\/goldberg.lv\/lv\/wp-json\/wp\/v2\/media?parent=2517"}],"wp:term":[{"taxonomy":"product_brand","embeddable":true,"href":"https:\/\/goldberg.lv\/lv\/wp-json\/wp\/v2\/product_brand?post=2517"},{"taxonomy":"product_cat","embeddable":true,"href":"https:\/\/goldberg.lv\/lv\/wp-json\/wp\/v2\/product_cat?post=2517"},{"taxonomy":"product_tag","embeddable":true,"href":"https:\/\/goldberg.lv\/lv\/wp-json\/wp\/v2\/product_tag?post=2517"}],"curies":[{"name":"wp","href":"https:\/\/api.w.org\/{rel}","templated":true}]}}