{"id":67,"date":"2025-10-30T16:06:40","date_gmt":"2025-10-30T13:06:40","guid":{"rendered":"https:\/\/goldberg.lv\/?page_id=67"},"modified":"2025-10-30T17:44:31","modified_gmt":"2025-10-30T14:44:31","slug":"orthodontics","status":"publish","type":"page","link":"https:\/\/goldberg.lv\/lv\/orthodontics\/","title":{"rendered":"Ortodontija"},"content":{"rendered":"<div class=\"wpb-content-wrapper\"><div class=\"vc_row wpb_row vc_row-fluid\"><div class=\"wpb_column vc_column_container vc_col-sm-12\"><div class=\"vc_column-inner\"><div class=\"wpb_wrapper\">\t\t\t<div class=\"info-box-wrapper\">\n\t\t\t\t<div id=\"wd-690379ac0bae2\" class=\"wd-rs-690379ac0bae2 wd-info-box wd-wpb text-left box-icon-align-top box-style- color-scheme- wd-bg-none with-btn box-btn-static\">\n\t\t\t\t\t\t\t\t\t\t\t<div class=\"box-icon-wrapper  box-with-icon box-icon-simple\">\n\t\t\t\t\t\t\t<div class=\"info-box-icon\">\n\n\t\t\t\t\t\t\t\n\t\t\t\t\t\t\t\t\t\t\t\t\t\t\t\t\t<img loading=\"lazy\" decoding=\"async\" width=\"300\" height=\"69\" src=\"https:\/\/goldberg.lv\/wp-content\/uploads\/2025\/10\/Aquasplint_Logo.jpg\" class=\"attachment-medium size-medium\" alt=\"\" srcset=\"https:\/\/goldberg.lv\/wp-content\/uploads\/2025\/10\/Aquasplint_Logo.jpg 300w, https:\/\/goldberg.lv\/wp-content\/uploads\/2025\/10\/Aquasplint_Logo-150x35.jpg 150w\" sizes=\"auto, (max-width: 300px) 100vw, 300px\" \/>\t\t\t\t\t\t\t\t\t\t\t\t\t\t\t\n\t\t\t\t\t\t\t<\/div>\n\t\t\t\t\t\t<\/div>\n\t\t\t\t\t\t\t\t\t\t<div class=\"info-box-content\">\n\t\t\t\t\t\t<h4 class=\"info-box-title title box-title-style-default wd-fontsize-m\">Aquasplint<\/h4>\t\t\t\t\t\t<div class=\"info-box-inner reset-last-child\"><p>Aquasplint - vien\u012bg\u0101 pa\u0161regul\u0113jo\u0161\u0101 individu\u0101l\u0101 iekares prot\u0113ze temporomandibul\u0101r\u0101s loc\u012btavas disfunkcijas \u0101rst\u0113\u0161anai.<br data-start=\"169\" data-end=\"172\">Nodro\u0161ina t\u016bl\u012bt\u0113ju s\u0101pju atvieglojumu un pastiprin\u0101tu musku\u013cu relaks\u0101ciju.<\/p>\n<\/div>\n\n\t\t\t\t\t\t<div class=\"info-btn-wrapper\"><div id=\"wd-69f22c07658d0\" class=\"wd-button-wrapper text-left\"><a href=\"https:\/\/goldberg.lv\/catalogs\/aqua-splint_catalogue.pdf\" title=\"\" class=\"btn btn-color-primary btn-style-default btn-shape-round btn-size-small btn-icon-pos-right\">Katalogs<span class=\"wd-btn-icon\"><span class=\"wd-icon fa fa-solid fa-download\"><\/span><\/span><\/a><\/div><\/div>\t\t\t\t\t<\/div>\n\n\t\t\t\t\t\n\t\t\t\t\t\t\t\t\t<\/div>\n\t\t\t<\/div>\n\t\t<div class=\"vc_empty_space\"   style=\"height: 32px\"><span class=\"vc_empty_space_inner\"><\/span><\/div>\t\t\t<div class=\"info-box-wrapper\">\n\t\t\t\t<div id=\"wd-690379c6a0169\" class=\"wd-rs-690379c6a0169 wd-info-box wd-wpb text-left box-icon-align-top box-style- color-scheme- wd-bg-none with-btn box-btn-static\">\n\t\t\t\t\t\t\t\t\t\t\t<div class=\"box-icon-wrapper  box-with-icon box-icon-simple\">\n\t\t\t\t\t\t\t<div class=\"info-box-icon\">\n\n\t\t\t\t\t\t\t\n\t\t\t\t\t\t\t\t\t\t\t\t\t\t\t\t\t<img loading=\"lazy\" decoding=\"async\" width=\"300\" height=\"86\" src=\"https:\/\/goldberg.lv\/wp-content\/uploads\/2025\/10\/teledenta_logo-300x86.png\" class=\"attachment-medium size-medium\" alt=\"\" srcset=\"https:\/\/goldberg.lv\/wp-content\/uploads\/2025\/10\/teledenta_logo-300x86.png 300w, https:\/\/goldberg.lv\/wp-content\/uploads\/2025\/10\/teledenta_logo-768x219.png 768w, https:\/\/goldberg.lv\/wp-content\/uploads\/2025\/10\/teledenta_logo-600x171.png 600w, https:\/\/goldberg.lv\/wp-content\/uploads\/2025\/10\/teledenta_logo-150x43.png 150w, https:\/\/goldberg.lv\/wp-content\/uploads\/2025\/10\/teledenta_logo.png 1024w\" sizes=\"auto, (max-width: 300px) 100vw, 300px\" \/>\t\t\t\t\t\t\t\t\t\t\t\t\t\t\t\n\t\t\t\t\t\t\t<\/div>\n\t\t\t\t\t\t<\/div>\n\t\t\t\t\t\t\t\t\t\t<div class=\"info-box-content\">\n\t\t\t\t\t\t<h4 class=\"info-box-title title box-title-style-default wd-fontsize-m\">Teledenta - Viss ortodontiem<\/h4>\t\t\t\t\t\t<div class=\"info-box-inner reset-last-child\"><\/div>\n\n\t\t\t\t\t\t<div class=\"info-btn-wrapper\"><div id=\"wd-69f22c0765d7f\" class=\"wd-button-wrapper text-left\"><a href=\"https:\/\/goldberg.lv\/catalogs\/tele_denta_catalogue.pdf\" title=\"\" class=\"btn btn-color-primary btn-style-default btn-shape-round btn-size-small btn-icon-pos-right\">Katalogs<span class=\"wd-btn-icon\"><span class=\"wd-icon fa fa-solid fa-download\"><\/span><\/span><\/a><\/div><\/div>\t\t\t\t\t<\/div>\n\n\t\t\t\t\t\n\t\t\t\t\t\t\t\t\t<\/div>\n\t\t\t<\/div>\n\t\t<div class=\"vc_empty_space\"   style=\"height: 32px\"><span class=\"vc_empty_space_inner\"><\/span><\/div><\/div><\/div><\/div><\/div>\n<\/div>","protected":false},"excerpt":{"rendered":"Aquasplint Aquasplint \u2013 the only self-adjusting individual bite splint for the treatment of temporomandibular joint dysfunction.Provides instant pain relief and","protected":false},"author":1,"featured_media":0,"parent":0,"menu_order":0,"comment_status":"closed","ping_status":"closed","template":"","meta":{"footnotes":""},"class_list":["post-67","page","type-page","status-publish","hentry"],"_links":{"self":[{"href":"https:\/\/goldberg.lv\/lv\/wp-json\/wp\/v2\/pages\/67","targetHints":{"allow":["GET"]}}],"collection":[{"href":"https:\/\/goldberg.lv\/lv\/wp-json\/wp\/v2\/pages"}],"about":[{"href":"https:\/\/goldberg.lv\/lv\/wp-json\/wp\/v2\/types\/page"}],"author":[{"embeddable":true,"href":"https:\/\/goldberg.lv\/lv\/wp-json\/wp\/v2\/users\/1"}],"replies":[{"embeddable":true,"href":"https:\/\/goldberg.lv\/lv\/wp-json\/wp\/v2\/comments?post=67"}],"version-history":[{"count":3,"href":"https:\/\/goldberg.lv\/lv\/wp-json\/wp\/v2\/pages\/67\/revisions"}],"predecessor-version":[{"id":132,"href":"https:\/\/goldberg.lv\/lv\/wp-json\/wp\/v2\/pages\/67\/revisions\/132"}],"wp:attachment":[{"href":"https:\/\/goldberg.lv\/lv\/wp-json\/wp\/v2\/media?parent=67"}],"curies":[{"name":"wp","href":"https:\/\/api.w.org\/{rel}","templated":true}]}}