{"id":61,"date":"2025-10-30T16:06:05","date_gmt":"2025-10-30T13:06:05","guid":{"rendered":"https:\/\/goldberg.lv\/?page_id=61"},"modified":"2025-10-30T22:49:28","modified_gmt":"2025-10-30T19:49:28","slug":"hygiene","status":"publish","type":"page","link":"https:\/\/goldberg.lv\/lv\/hygiene\/","title":{"rendered":"Higiena"},"content":{"rendered":"<div class=\"wpb-content-wrapper\"><div class=\"vc_row wpb_row vc_row-fluid\"><div class=\"wpb_column vc_column_container vc_col-sm-6\"><div class=\"vc_column-inner\"><div class=\"wpb_wrapper\">\t\t\t<div class=\"info-box-wrapper\">\n\t\t\t\t<div id=\"wd-69037bc328245\" class=\"wd-rs-69037bc328245 wd-info-box wd-wpb text-left box-icon-align-top box-style- color-scheme- wd-bg-none with-btn box-btn-static\">\n\t\t\t\t\t\t\t\t\t\t\t<div class=\"box-icon-wrapper  box-with-icon box-icon-simple\">\n\t\t\t\t\t\t\t<div class=\"info-box-icon\">\n\n\t\t\t\t\t\t\t\n\t\t\t\t\t\t\t\t\t\t\t\t\t\t\t\t\t<img loading=\"lazy\" decoding=\"async\" width=\"300\" height=\"86\" src=\"https:\/\/goldberg.lv\/wp-content\/uploads\/2025\/10\/humanchemie-1-300x86.png\" class=\"attachment-medium size-medium\" alt=\"\" srcset=\"https:\/\/goldberg.lv\/wp-content\/uploads\/2025\/10\/humanchemie-1-300x86.png 300w, https:\/\/goldberg.lv\/wp-content\/uploads\/2025\/10\/humanchemie-1-150x43.png 150w, https:\/\/goldberg.lv\/wp-content\/uploads\/2025\/10\/humanchemie-1.png 420w\" sizes=\"auto, (max-width: 300px) 100vw, 300px\" \/>\t\t\t\t\t\t\t\t\t\t\t\t\t\t\t\n\t\t\t\t\t\t\t<\/div>\n\t\t\t\t\t\t<\/div>\n\t\t\t\t\t\t\t\t\t\t<div class=\"info-box-content\">\n\t\t\t\t\t\t<h4 class=\"info-box-title title box-title-style-default wd-fontsize-m\">HUMANCHEMIE<\/h4>\t\t\t\t\t\t<div class=\"info-box-inner reset-last-child\"><p>Prepar\u0101ti un z\u0101les zobu \u0101rst\u0113\u0161anai un profilaksei<\/p>\n<\/div>\n\n\t\t\t\t\t\t<div class=\"info-btn-wrapper\"><div id=\"wd-69f22d365d04a\" class=\"wd-button-wrapper text-left\"><a href=\"https:\/\/goldberg.lv\/catalogs\/humanchemie.pdf\" title=\"\" class=\"btn btn-color-primary btn-style-default btn-shape-round btn-size-small btn-icon-pos-right\">Katalogs<span class=\"wd-btn-icon\"><span class=\"wd-icon fa fa-solid fa-download\"><\/span><\/span><\/a><\/div><\/div>\t\t\t\t\t<\/div>\n\n\t\t\t\t\t\n\t\t\t\t\t\t\t\t\t<\/div>\n\t\t\t<\/div>\n\t\t<div class=\"vc_empty_space\"   style=\"height: 32px\"><span class=\"vc_empty_space_inner\"><\/span><\/div><\/div><\/div><\/div><div class=\"wpb_column vc_column_container vc_col-sm-6\"><div class=\"vc_column-inner\"><div class=\"wpb_wrapper\">\t\t\t<div class=\"info-box-wrapper\">\n\t\t\t\t<div id=\"wd-6903c13f35911\" class=\"wd-rs-6903c13f35911 wd-info-box wd-wpb text-left box-icon-align-top box-style- color-scheme- wd-bg-none with-btn box-btn-static\">\n\t\t\t\t\t\t\t\t\t\t\t<div class=\"box-icon-wrapper  box-with-icon box-icon-simple\">\n\t\t\t\t\t\t\t<div class=\"info-box-icon\">\n\n\t\t\t\t\t\t\t\n\t\t\t\t\t\t\t\t\t\t\t\t\t\t\t\t\t\t\t\t\t\t\t\t\t\t\t\t\t\t\t\t\n\t\t\t\t\t\t\t<\/div>\n\t\t\t\t\t\t<\/div>\n\t\t\t\t\t\t\t\t\t\t<div class=\"info-box-content\">\n\t\t\t\t\t\t<h4 class=\"info-box-title title box-title-style-default wd-fontsize-m\">Piln\u012bba Plus<\/h4>\t\t\t\t\t\t<div class=\"info-box-inner reset-last-child\"><p>Perfection Plus kataloga 30. - 34. lpp.<\/p>\n<\/div>\n\n\t\t\t\t\t\t<div class=\"info-btn-wrapper\"><div id=\"wd-69f22d365d703\" class=\"wd-button-wrapper text-left\"><a href=\"https:\/\/goldberg.lv\/catalogs\/perfection_plus.pdf\" title=\"\" class=\"btn btn-color-primary btn-style-default btn-shape-round btn-size-small btn-icon-pos-right\">Katalogs<span class=\"wd-btn-icon\"><span class=\"wd-icon fa fa-solid fa-download\"><\/span><\/span><\/a><\/div><\/div>\t\t\t\t\t<\/div>\n\n\t\t\t\t\t\n\t\t\t\t\t\t\t\t\t<\/div>\n\t\t\t<\/div>\n\t\t<div class=\"vc_empty_space\"   style=\"height: 32px\"><span class=\"vc_empty_space_inner\"><\/span><\/div><\/div><\/div><\/div><\/div><div class=\"vc_row wpb_row vc_row-fluid\"><div class=\"wpb_column vc_column_container vc_col-sm-6\"><div class=\"vc_column-inner\"><div class=\"wpb_wrapper\">\t\t\t<div class=\"info-box-wrapper\">\n\t\t\t\t<div id=\"wd-69037bef774bd\" class=\"wd-rs-69037bef774bd wd-info-box wd-wpb text-left box-icon-align-top box-style- color-scheme- wd-bg-none with-btn box-btn-static\">\n\t\t\t\t\t\t\t\t\t\t\t<div class=\"box-icon-wrapper  box-with-icon box-icon-simple\">\n\t\t\t\t\t\t\t<div class=\"info-box-icon\">\n\n\t\t\t\t\t\t\t\n\t\t\t\t\t\t\t\t\t\t\t\t\t\t\t\t\t<img loading=\"lazy\" decoding=\"async\" width=\"300\" height=\"105\" src=\"https:\/\/goldberg.lv\/wp-content\/uploads\/2025\/10\/xpedenet-300x105.png\" class=\"attachment-medium size-medium\" alt=\"\" srcset=\"https:\/\/goldberg.lv\/wp-content\/uploads\/2025\/10\/xpedenet-300x105.png 300w, https:\/\/goldberg.lv\/wp-content\/uploads\/2025\/10\/xpedenet-768x268.png 768w, https:\/\/goldberg.lv\/wp-content\/uploads\/2025\/10\/xpedenet-600x209.png 600w, https:\/\/goldberg.lv\/wp-content\/uploads\/2025\/10\/xpedenet-150x52.png 150w, https:\/\/goldberg.lv\/wp-content\/uploads\/2025\/10\/xpedenet.png 846w\" sizes=\"auto, (max-width: 300px) 100vw, 300px\" \/>\t\t\t\t\t\t\t\t\t\t\t\t\t\t\t\n\t\t\t\t\t\t\t<\/div>\n\t\t\t\t\t\t<\/div>\n\t\t\t\t\t\t\t\t\t\t<div class=\"info-box-content\">\n\t\t\t\t\t\t<h4 class=\"info-box-title title box-title-style-default wd-fontsize-m\">XPEDENT - Skaleri un skaleru padomi<\/h4>\t\t\t\t\t\t<div class=\"info-box-inner reset-last-child\"><\/div>\n\n\t\t\t\t\t\t<div class=\"info-btn-wrapper\"><div id=\"wd-69f22d365de92\" class=\"wd-button-wrapper text-left\"><a href=\"https:\/\/goldberg.lv\/catalogs\/xpedent.pdf\" title=\"\" class=\"btn btn-color-primary btn-style-default btn-shape-round btn-size-small btn-icon-pos-right\">Katalogs<span class=\"wd-btn-icon\"><span class=\"wd-icon fa fa-solid fa-download\"><\/span><\/span><\/a><\/div><\/div>\t\t\t\t\t<\/div>\n\n\t\t\t\t\t\n\t\t\t\t\t\t\t\t\t<\/div>\n\t\t\t<\/div>\n\t\t<div class=\"vc_empty_space\"   style=\"height: 32px\"><span class=\"vc_empty_space_inner\"><\/span><\/div><\/div><\/div><\/div><div class=\"wpb_column vc_column_container vc_col-sm-6\"><div class=\"vc_column-inner\"><div class=\"wpb_wrapper\">\t\t\t<div class=\"info-box-wrapper\">\n\t\t\t\t<div id=\"wd-69037c07476ba\" class=\"wd-rs-69037c07476ba wd-info-box wd-wpb text-left box-icon-align-top box-style- color-scheme- wd-bg-none with-btn box-btn-static\">\n\t\t\t\t\t\t\t\t\t\t\t<div class=\"box-icon-wrapper  box-with-icon box-icon-simple\">\n\t\t\t\t\t\t\t<div class=\"info-box-icon\">\n\n\t\t\t\t\t\t\t\n\t\t\t\t\t\t\t\t\t\t\t\t\t\t\t\t\t<img loading=\"lazy\" decoding=\"async\" width=\"300\" height=\"86\" src=\"https:\/\/goldberg.lv\/wp-content\/uploads\/2025\/10\/QUEEN-dental-300x86.png\" class=\"attachment-medium size-medium\" alt=\"\" srcset=\"https:\/\/goldberg.lv\/wp-content\/uploads\/2025\/10\/QUEEN-dental-300x86.png 300w, https:\/\/goldberg.lv\/wp-content\/uploads\/2025\/10\/QUEEN-dental-150x43.png 150w, https:\/\/goldberg.lv\/wp-content\/uploads\/2025\/10\/QUEEN-dental.png 420w\" sizes=\"auto, (max-width: 300px) 100vw, 300px\" \/>\t\t\t\t\t\t\t\t\t\t\t\t\t\t\t\n\t\t\t\t\t\t\t<\/div>\n\t\t\t\t\t\t<\/div>\n\t\t\t\t\t\t\t\t\t\t<div class=\"info-box-content\">\n\t\t\t\t\t\t<h4 class=\"info-box-title title box-title-style-default wd-fontsize-m\">Rapsodija<\/h4>\t\t\t\t\t\t<div class=\"info-box-inner reset-last-child\"><p>Profilaktiskais sodas pulveris Airflow ier\u012bc\u0113m<\/p>\n<\/div>\n\n\t\t\t\t\t\t<div class=\"info-btn-wrapper\"><div id=\"wd-69f22d365e925\" class=\"wd-button-wrapper text-left\"><a href=\"https:\/\/goldberg.lv\/catalogs\/queen_dental_catalogue.docx\" title=\"\" class=\"btn btn-color-primary btn-style-default btn-shape-round btn-size-small btn-icon-pos-right\">Katalogs<span class=\"wd-btn-icon\"><span class=\"wd-icon fa fa-solid fa-download\"><\/span><\/span><\/a><\/div><\/div>\t\t\t\t\t<\/div>\n\n\t\t\t\t\t\n\t\t\t\t\t\t\t\t\t<\/div>\n\t\t\t<\/div>\n\t\t<div class=\"vc_empty_space\"   style=\"height: 32px\"><span class=\"vc_empty_space_inner\"><\/span><\/div><\/div><\/div><\/div><\/div><div class=\"vc_row wpb_row vc_row-fluid\"><div class=\"wpb_column vc_column_container vc_col-sm-6\"><div class=\"vc_column-inner\"><div class=\"wpb_wrapper\">\t\t\t<div class=\"info-box-wrapper\">\n\t\t\t\t<div id=\"wd-69037c4d035d9\" class=\"wd-rs-69037c4d035d9 wd-info-box wd-wpb text-left box-icon-align-top box-style- color-scheme- wd-bg-none with-btn box-btn-static\">\n\t\t\t\t\t\t\t\t\t\t\t<div class=\"box-icon-wrapper  box-with-icon box-icon-simple\">\n\t\t\t\t\t\t\t<div class=\"info-box-icon\">\n\n\t\t\t\t\t\t\t\n\t\t\t\t\t\t\t\t\t\t\t\t\t\t\t\t\t<img loading=\"lazy\" decoding=\"async\" width=\"300\" height=\"86\" src=\"https:\/\/goldberg.lv\/wp-content\/uploads\/2025\/10\/Mikrodont-300x86.png\" class=\"attachment-medium size-medium\" alt=\"\" srcset=\"https:\/\/goldberg.lv\/wp-content\/uploads\/2025\/10\/Mikrodont-300x86.png 300w, https:\/\/goldberg.lv\/wp-content\/uploads\/2025\/10\/Mikrodont-150x43.png 150w, https:\/\/goldberg.lv\/wp-content\/uploads\/2025\/10\/Mikrodont.png 420w\" sizes=\"auto, (max-width: 300px) 100vw, 300px\" \/>\t\t\t\t\t\t\t\t\t\t\t\t\t\t\t\n\t\t\t\t\t\t\t<\/div>\n\t\t\t\t\t\t<\/div>\n\t\t\t\t\t\t\t\t\t\t<div class=\"info-box-content\">\n\t\t\t\t\t\t<h4 class=\"info-box-title title box-title-style-default wd-fontsize-m\">Produkti zobu higi\u0113nai<\/h4>\t\t\t\t\t\t<div class=\"info-box-inner reset-last-child\"><\/div>\n\n\t\t\t\t\t\t<div class=\"info-btn-wrapper\"><div id=\"wd-69f22d365f277\" class=\"wd-button-wrapper text-left\"><a href=\"https:\/\/goldberg.lv\/catalogs\/Mikrodont-Catalog-2.pdf\" title=\"\" class=\"btn btn-color-primary btn-style-default btn-shape-round btn-size-small btn-icon-pos-right\">Katalogs<span class=\"wd-btn-icon\"><span class=\"wd-icon fa fa-solid fa-download\"><\/span><\/span><\/a><\/div><\/div>\t\t\t\t\t<\/div>\n\n\t\t\t\t\t\n\t\t\t\t\t\t\t\t\t<\/div>\n\t\t\t<\/div>\n\t\t<div class=\"vc_empty_space\"   style=\"height: 32px\"><span class=\"vc_empty_space_inner\"><\/span><\/div><\/div><\/div><\/div><div class=\"wpb_column vc_column_container vc_col-sm-6\"><div class=\"vc_column-inner\"><div class=\"wpb_wrapper\">\t\t\t<div class=\"info-box-wrapper\">\n\t\t\t\t<div id=\"wd-69037c6168310\" class=\"wd-rs-69037c6168310 wd-info-box wd-wpb text-left box-icon-align-top box-style- color-scheme- wd-bg-none with-btn box-btn-static\">\n\t\t\t\t\t\t\t\t\t\t\t<div class=\"box-icon-wrapper  box-with-icon box-icon-simple\">\n\t\t\t\t\t\t\t<div class=\"info-box-icon\">\n\n\t\t\t\t\t\t\t\n\t\t\t\t\t\t\t\t\t\t\t\t\t\t\t\t\t<img loading=\"lazy\" decoding=\"async\" width=\"300\" height=\"86\" src=\"https:\/\/goldberg.lv\/wp-content\/uploads\/2025\/10\/tor-vm-1-300x86.png\" class=\"attachment-medium size-medium\" alt=\"\" srcset=\"https:\/\/goldberg.lv\/wp-content\/uploads\/2025\/10\/tor-vm-1-300x86.png 300w, https:\/\/goldberg.lv\/wp-content\/uploads\/2025\/10\/tor-vm-1-150x43.png 150w, https:\/\/goldberg.lv\/wp-content\/uploads\/2025\/10\/tor-vm-1.png 420w\" sizes=\"auto, (max-width: 300px) 100vw, 300px\" \/>\t\t\t\t\t\t\t\t\t\t\t\t\t\t\t\n\t\t\t\t\t\t\t<\/div>\n\t\t\t\t\t\t<\/div>\n\t\t\t\t\t\t\t\t\t\t<div class=\"info-box-content\">\n\t\t\t\t\t\t<h4 class=\"info-box-title title box-title-style-default wd-fontsize-m\">Produkti zobu higi\u0113nai<\/h4>\t\t\t\t\t\t<div class=\"info-box-inner reset-last-child\"><\/div>\n\n\t\t\t\t\t\t<div class=\"info-btn-wrapper\"><div id=\"wd-69f22d365f6b1\" class=\"wd-button-wrapper text-left\"><a href=\"https:\/\/goldberg.lv\/catalogs\/TOR-katalog.pdf\" title=\"\" class=\"btn btn-color-primary btn-style-default btn-shape-round btn-size-small btn-icon-pos-right\">Katalogs<span class=\"wd-btn-icon\"><span class=\"wd-icon fa fa-solid fa-download\"><\/span><\/span><\/a><\/div><\/div>\t\t\t\t\t<\/div>\n\n\t\t\t\t\t\n\t\t\t\t\t\t\t\t\t<\/div>\n\t\t\t<\/div>\n\t\t<div class=\"vc_empty_space\"   style=\"height: 32px\"><span class=\"vc_empty_space_inner\"><\/span><\/div><\/div><\/div><\/div><\/div>\n<\/div>","protected":false},"excerpt":{"rendered":"HUMANCHEMIE Preparations and Medicines for Dental Treatment and Prevention Catalogue Perfection Plus Perfection Plus Catalogue Pages 30 - 34 Catalogue","protected":false},"author":1,"featured_media":0,"parent":0,"menu_order":0,"comment_status":"closed","ping_status":"closed","template":"","meta":{"footnotes":""},"class_list":["post-61","page","type-page","status-publish","hentry"],"_links":{"self":[{"href":"https:\/\/goldberg.lv\/lv\/wp-json\/wp\/v2\/pages\/61","targetHints":{"allow":["GET"]}}],"collection":[{"href":"https:\/\/goldberg.lv\/lv\/wp-json\/wp\/v2\/pages"}],"about":[{"href":"https:\/\/goldberg.lv\/lv\/wp-json\/wp\/v2\/types\/page"}],"author":[{"embeddable":true,"href":"https:\/\/goldberg.lv\/lv\/wp-json\/wp\/v2\/users\/1"}],"replies":[{"embeddable":true,"href":"https:\/\/goldberg.lv\/lv\/wp-json\/wp\/v2\/comments?post=61"}],"version-history":[{"count":4,"href":"https:\/\/goldberg.lv\/lv\/wp-json\/wp\/v2\/pages\/61\/revisions"}],"predecessor-version":[{"id":177,"href":"https:\/\/goldberg.lv\/lv\/wp-json\/wp\/v2\/pages\/61\/revisions\/177"}],"wp:attachment":[{"href":"https:\/\/goldberg.lv\/lv\/wp-json\/wp\/v2\/media?parent=61"}],"curies":[{"name":"wp","href":"https:\/\/api.w.org\/{rel}","templated":true}]}}