{"id":59,"date":"2025-10-30T16:05:52","date_gmt":"2025-10-30T13:05:52","guid":{"rendered":"https:\/\/goldberg.lv\/?page_id=59"},"modified":"2025-10-30T22:50:21","modified_gmt":"2025-10-30T19:50:21","slug":"endodontics","status":"publish","type":"page","link":"https:\/\/goldberg.lv\/lv\/endodontics\/","title":{"rendered":"Endodontija"},"content":{"rendered":"<div class=\"wpb-content-wrapper\"><div class=\"vc_row wpb_row vc_row-fluid\"><div class=\"wpb_column vc_column_container vc_col-sm-6\"><div class=\"vc_column-inner\"><div class=\"wpb_wrapper\">\t\t\t<div class=\"info-box-wrapper\">\n\t\t\t\t<div id=\"wd-69037c839007b\" class=\"wd-rs-69037c839007b wd-info-box wd-wpb text-left box-icon-align-top box-style- color-scheme- wd-bg-none with-btn box-btn-static\">\n\t\t\t\t\t\t\t\t\t\t\t<div class=\"box-icon-wrapper  box-with-icon box-icon-simple\">\n\t\t\t\t\t\t\t<div class=\"info-box-icon\">\n\n\t\t\t\t\t\t\t\n\t\t\t\t\t\t\t\t\t\t\t\t\t\t\t\t\t<img loading=\"lazy\" decoding=\"async\" width=\"300\" height=\"86\" src=\"https:\/\/goldberg.lv\/wp-content\/uploads\/2025\/10\/DiaDent-1-300x86.png\" class=\"attachment-medium size-medium\" alt=\"\" srcset=\"https:\/\/goldberg.lv\/wp-content\/uploads\/2025\/10\/DiaDent-1-300x86.png 300w, https:\/\/goldberg.lv\/wp-content\/uploads\/2025\/10\/DiaDent-1-150x43.png 150w, https:\/\/goldberg.lv\/wp-content\/uploads\/2025\/10\/DiaDent-1.png 420w\" sizes=\"auto, (max-width: 300px) 100vw, 300px\" \/>\t\t\t\t\t\t\t\t\t\t\t\t\t\t\t\n\t\t\t\t\t\t\t<\/div>\n\t\t\t\t\t\t<\/div>\n\t\t\t\t\t\t\t\t\t\t<div class=\"info-box-content\">\n\t\t\t\t\t\t<h4 class=\"info-box-title title box-title-style-default wd-fontsize-m\">DiaDent<\/h4>\t\t\t\t\t\t<div class=\"info-box-inner reset-last-child\"><p>Diadent katalogs - Page 5 - 18<\/p>\n<\/div>\n\n\t\t\t\t\t\t<div class=\"info-btn-wrapper\"><div id=\"wd-69f22b4779fa3\" class=\"wd-button-wrapper text-left\"><a href=\"https:\/\/goldberg.lv\/catalogs\/DiaDent-catalogue2023-1.pdf\" title=\"\" class=\"btn btn-color-primary btn-style-default btn-shape-round btn-size-small btn-icon-pos-right\">Katalogs<span class=\"wd-btn-icon\"><span class=\"wd-icon fa fa-solid fa-download\"><\/span><\/span><\/a><\/div><\/div>\t\t\t\t\t<\/div>\n\n\t\t\t\t\t\n\t\t\t\t\t\t\t\t\t<\/div>\n\t\t\t<\/div>\n\t\t<div class=\"vc_empty_space\"   style=\"height: 32px\"><span class=\"vc_empty_space_inner\"><\/span><\/div><\/div><\/div><\/div><div class=\"wpb_column vc_column_container vc_col-sm-6\"><div class=\"vc_column-inner\"><div class=\"wpb_wrapper\">\t\t\t<div class=\"info-box-wrapper\">\n\t\t\t\t<div id=\"wd-6903c153bcbd5\" class=\"wd-rs-6903c153bcbd5 wd-info-box wd-wpb text-left box-icon-align-top box-style- color-scheme- wd-bg-none with-btn box-btn-static\">\n\t\t\t\t\t\t\t\t\t\t\t<div class=\"box-icon-wrapper  box-with-icon box-icon-simple\">\n\t\t\t\t\t\t\t<div class=\"info-box-icon\">\n\n\t\t\t\t\t\t\t\n\t\t\t\t\t\t\t\t\t\t\t\t\t\t\t\t\t<img loading=\"lazy\" decoding=\"async\" width=\"300\" height=\"86\" src=\"https:\/\/goldberg.lv\/wp-content\/uploads\/2025\/10\/humanchemie-1-300x86.png\" class=\"attachment-medium size-medium\" alt=\"\" srcset=\"https:\/\/goldberg.lv\/wp-content\/uploads\/2025\/10\/humanchemie-1-300x86.png 300w, https:\/\/goldberg.lv\/wp-content\/uploads\/2025\/10\/humanchemie-1-150x43.png 150w, https:\/\/goldberg.lv\/wp-content\/uploads\/2025\/10\/humanchemie-1.png 420w\" sizes=\"auto, (max-width: 300px) 100vw, 300px\" \/>\t\t\t\t\t\t\t\t\t\t\t\t\t\t\t\n\t\t\t\t\t\t\t<\/div>\n\t\t\t\t\t\t<\/div>\n\t\t\t\t\t\t\t\t\t\t<div class=\"info-box-content\">\n\t\t\t\t\t\t<h4 class=\"info-box-title title box-title-style-default wd-fontsize-m\">HUMANCHEMIE - Zobu \u0101rst\u0113\u0161ana un profilakse<\/h4>\t\t\t\t\t\t<div class=\"info-box-inner reset-last-child\"><p>HUMANCHEMIE katalogs - 13. - 18. lpp.<\/p>\n<\/div>\n\n\t\t\t\t\t\t<div class=\"info-btn-wrapper\"><div id=\"wd-69f22b477a306\" class=\"wd-button-wrapper text-left\"><a href=\"https:\/\/goldberg.lv\/catalogs\/humanchemie.pdf\" title=\"\" class=\"btn btn-color-primary btn-style-default btn-shape-round btn-size-small btn-icon-pos-right\">Katalogs<span class=\"wd-btn-icon\"><span class=\"wd-icon fa fa-solid fa-download\"><\/span><\/span><\/a><\/div><\/div>\t\t\t\t\t<\/div>\n\n\t\t\t\t\t\n\t\t\t\t\t\t\t\t\t<\/div>\n\t\t\t<\/div>\n\t\t<div class=\"vc_empty_space\"   style=\"height: 32px\"><span class=\"vc_empty_space_inner\"><\/span><\/div><\/div><\/div><\/div><\/div><div class=\"vc_row wpb_row vc_row-fluid\"><div class=\"wpb_column vc_column_container vc_col-sm-6\"><div class=\"vc_column-inner\"><div class=\"wpb_wrapper\">\t\t\t<div class=\"info-box-wrapper\">\n\t\t\t\t<div id=\"wd-6903c16e5729f\" class=\"wd-rs-6903c16e5729f wd-info-box wd-wpb text-left box-icon-align-top box-style- color-scheme- wd-bg-none with-btn box-btn-static\">\n\t\t\t\t\t\t\t\t\t\t\t<div class=\"box-icon-wrapper  box-with-icon box-icon-simple\">\n\t\t\t\t\t\t\t<div class=\"info-box-icon\">\n\n\t\t\t\t\t\t\t\n\t\t\t\t\t\t\t\t\t\t\t\t\t\t\t\t\t\t\t\t\t\t\t\t\t\t\t\t\t\t\t\t\n\t\t\t\t\t\t\t<\/div>\n\t\t\t\t\t\t<\/div>\n\t\t\t\t\t\t\t\t\t\t<div class=\"info-box-content\">\n\t\t\t\t\t\t<h4 class=\"info-box-title title box-title-style-default wd-fontsize-m\">Piln\u012bba Plus<\/h4>\t\t\t\t\t\t<div class=\"info-box-inner reset-last-child\"><p>Perfection Plus katalogs - 26. - 30. lpp.<\/p>\n<\/div>\n\n\t\t\t\t\t\t<div class=\"info-btn-wrapper\"><div id=\"wd-69f22b477a72e\" class=\"wd-button-wrapper text-left\"><a href=\"https:\/\/goldberg.lv\/catalogs\/perfection_plus.pdf\" title=\"\" class=\"btn btn-color-primary btn-style-default btn-shape-round btn-size-small btn-icon-pos-right\">Katalogs<span class=\"wd-btn-icon\"><span class=\"wd-icon fa fa-solid fa-download\"><\/span><\/span><\/a><\/div><\/div>\t\t\t\t\t<\/div>\n\n\t\t\t\t\t\n\t\t\t\t\t\t\t\t\t<\/div>\n\t\t\t<\/div>\n\t\t<div class=\"vc_empty_space\"   style=\"height: 32px\"><span class=\"vc_empty_space_inner\"><\/span><\/div><\/div><\/div><\/div><div class=\"wpb_column vc_column_container vc_col-sm-6\"><div class=\"vc_column-inner\"><div class=\"wpb_wrapper\">\t\t\t<div class=\"info-box-wrapper\">\n\t\t\t\t<div id=\"wd-69037cbd56553\" class=\"wd-rs-69037cbd56553 wd-info-box wd-wpb text-left box-icon-align-top box-style- color-scheme- wd-bg-none with-btn box-btn-static\">\n\t\t\t\t\t\t\t\t\t\t\t<div class=\"box-icon-wrapper  box-with-icon box-icon-simple\">\n\t\t\t\t\t\t\t<div class=\"info-box-icon\">\n\n\t\t\t\t\t\t\t\n\t\t\t\t\t\t\t\t\t\t\t\t\t\t\t\t\t<img loading=\"lazy\" decoding=\"async\" width=\"300\" height=\"80\" src=\"https:\/\/goldberg.lv\/wp-content\/uploads\/2025\/10\/Soco-300x80.png\" class=\"attachment-medium size-medium\" alt=\"\" srcset=\"https:\/\/goldberg.lv\/wp-content\/uploads\/2025\/10\/Soco-300x80.png 300w, https:\/\/goldberg.lv\/wp-content\/uploads\/2025\/10\/Soco-768x204.png 768w, https:\/\/goldberg.lv\/wp-content\/uploads\/2025\/10\/Soco-600x159.png 600w, https:\/\/goldberg.lv\/wp-content\/uploads\/2025\/10\/Soco-150x40.png 150w, https:\/\/goldberg.lv\/wp-content\/uploads\/2025\/10\/Soco.png 800w\" sizes=\"auto, (max-width: 300px) 100vw, 300px\" \/>\t\t\t\t\t\t\t\t\t\t\t\t\t\t\t\n\t\t\t\t\t\t\t<\/div>\n\t\t\t\t\t\t<\/div>\n\t\t\t\t\t\t\t\t\t\t<div class=\"info-box-content\">\n\t\t\t\t\t\t<h4 class=\"info-box-title title box-title-style-default wd-fontsize-m\">SOCO<\/h4>\t\t\t\t\t\t<div class=\"info-box-inner reset-last-child\"><p>Superelast\u012bgs ni\u0137e\u013ca-tit\u0101na materi\u0101ls ar formas atmi\u0146u. Jaun\u0101 materi\u0101la \u012bpa\u0161\u012bbas tr\u012bsk\u0101rt palielina iztur\u012bbu, sal\u012bdzinot ar tradicion\u0101laj\u0101m ni\u0137e\u013ca-tit\u0101na v\u012bl\u0113m.<\/p>\n<\/div>\n\n\t\t\t\t\t\t<div class=\"info-btn-wrapper\"><div id=\"wd-69f22b477aa4f\" class=\"wd-button-wrapper text-left\"><a href=\"https:\/\/goldberg.lv\/catalogs\/Soco-catalog.pdf\" title=\"\" class=\"btn btn-color-primary btn-style-default btn-shape-round btn-size-small btn-icon-pos-right\">Katalogs<span class=\"wd-btn-icon\"><span class=\"wd-icon fa fa-solid fa-download\"><\/span><\/span><\/a><\/div><\/div>\t\t\t\t\t<\/div>\n\n\t\t\t\t\t\n\t\t\t\t\t\t\t\t\t<\/div>\n\t\t\t<\/div>\n\t\t<div class=\"vc_empty_space\"   style=\"height: 32px\"><span class=\"vc_empty_space_inner\"><\/span><\/div><\/div><\/div><\/div><\/div>\n<\/div>","protected":false},"excerpt":{"rendered":"DiaDent Diadent Catalogue - Page 5 - 18 Catalogue HUMANCHEMIE \u2013 Dental Treatment and Prevention HUMANCHEMIE Catalogue - Pages 13","protected":false},"author":1,"featured_media":0,"parent":0,"menu_order":0,"comment_status":"closed","ping_status":"closed","template":"","meta":{"footnotes":""},"class_list":["post-59","page","type-page","status-publish","hentry"],"_links":{"self":[{"href":"https:\/\/goldberg.lv\/lv\/wp-json\/wp\/v2\/pages\/59","targetHints":{"allow":["GET"]}}],"collection":[{"href":"https:\/\/goldberg.lv\/lv\/wp-json\/wp\/v2\/pages"}],"about":[{"href":"https:\/\/goldberg.lv\/lv\/wp-json\/wp\/v2\/types\/page"}],"author":[{"embeddable":true,"href":"https:\/\/goldberg.lv\/lv\/wp-json\/wp\/v2\/users\/1"}],"replies":[{"embeddable":true,"href":"https:\/\/goldberg.lv\/lv\/wp-json\/wp\/v2\/comments?post=59"}],"version-history":[{"count":4,"href":"https:\/\/goldberg.lv\/lv\/wp-json\/wp\/v2\/pages\/59\/revisions"}],"predecessor-version":[{"id":178,"href":"https:\/\/goldberg.lv\/lv\/wp-json\/wp\/v2\/pages\/59\/revisions\/178"}],"wp:attachment":[{"href":"https:\/\/goldberg.lv\/lv\/wp-json\/wp\/v2\/media?parent=59"}],"curies":[{"name":"wp","href":"https:\/\/api.w.org\/{rel}","templated":true}]}}