{"id":57,"date":"2025-10-30T16:05:37","date_gmt":"2025-10-30T13:05:37","guid":{"rendered":"https:\/\/goldberg.lv\/?page_id=57"},"modified":"2025-10-30T22:50:46","modified_gmt":"2025-10-30T19:50:46","slug":"disposable-materials","status":"publish","type":"page","link":"https:\/\/goldberg.lv\/lv\/disposable-materials\/","title":{"rendered":"Vienreizlietojami materiali"},"content":{"rendered":"<div class=\"wpb-content-wrapper\"><div class=\"vc_row wpb_row vc_row-fluid\"><div class=\"wpb_column vc_column_container vc_col-sm-6\"><div class=\"vc_column-inner\"><div class=\"wpb_wrapper\">\t\t\t<div class=\"info-box-wrapper\">\n\t\t\t\t<div id=\"wd-6903769ac6410\" class=\"wd-rs-6903769ac6410 wd-info-box wd-wpb text-left box-icon-align-top box-style- color-scheme- wd-bg-none with-btn box-btn-static\">\n\t\t\t\t\t\t\t\t\t\t\t<div class=\"box-icon-wrapper  box-with-icon box-icon-simple\">\n\t\t\t\t\t\t\t<div class=\"info-box-icon\">\n\n\t\t\t\t\t\t\t\n\t\t\t\t\t\t\t\t\t\t\t\t\t\t\t\t\t<img loading=\"lazy\" decoding=\"async\" width=\"280\" height=\"120\" src=\"https:\/\/goldberg.lv\/wp-content\/uploads\/2025\/10\/sogeva-retina.png\" class=\"attachment-medium size-medium\" alt=\"\" srcset=\"https:\/\/goldberg.lv\/wp-content\/uploads\/2025\/10\/sogeva-retina.png 280w, https:\/\/goldberg.lv\/wp-content\/uploads\/2025\/10\/sogeva-retina-150x64.png 150w\" sizes=\"auto, (max-width: 280px) 100vw, 280px\" \/>\t\t\t\t\t\t\t\t\t\t\t\t\t\t\t\n\t\t\t\t\t\t\t<\/div>\n\t\t\t\t\t\t<\/div>\n\t\t\t\t\t\t\t\t\t\t<div class=\"info-box-content\">\n\t\t\t\t\t\t<h4 class=\"info-box-title title box-title-style-default wd-fontsize-m\">Sogeva SRL<\/h4>\t\t\t\t\t\t<div class=\"info-box-inner reset-last-child\"><\/div>\n\n\t\t\t\t\t\t<div class=\"info-btn-wrapper\"><div id=\"wd-69f22b45900c7\" class=\"wd-button-wrapper text-left\"><a href=\"https:\/\/goldberg.lv\/catalogs\/sogeva.pdf\" title=\"Sogeva katalogs\" target=\"_blank\" class=\"btn btn-color-primary btn-style-default btn-shape-round btn-size-small btn-icon-pos-right\">Katalogs<span class=\"wd-btn-icon\"><span class=\"wd-icon fa fa-solid fa-download\"><\/span><\/span><\/a><\/div><\/div>\t\t\t\t\t<\/div>\n\n\t\t\t\t\t\n\t\t\t\t\t\t\t\t\t<\/div>\n\t\t\t<\/div>\n\t\t<div class=\"vc_empty_space\"   style=\"height: 32px\"><span class=\"vc_empty_space_inner\"><\/span><\/div><\/div><\/div><\/div><div class=\"wpb_column vc_column_container vc_col-sm-6\"><div class=\"vc_column-inner\"><div class=\"wpb_wrapper\">\t\t\t<div class=\"info-box-wrapper\">\n\t\t\t\t<div id=\"wd-6903775b0d8ca\" class=\"wd-rs-6903775b0d8ca wd-info-box wd-wpb text-left box-icon-align-top box-style- color-scheme- wd-bg-none with-btn box-btn-static\">\n\t\t\t\t\t\t\t\t\t\t\t<div class=\"box-icon-wrapper  box-with-icon box-icon-simple\">\n\t\t\t\t\t\t\t<div class=\"info-box-icon\">\n\n\t\t\t\t\t\t\t\n\t\t\t\t\t\t\t\t\t\t\t\t\t\t\t\t\t<img loading=\"lazy\" decoding=\"async\" width=\"300\" height=\"117\" src=\"https:\/\/goldberg.lv\/wp-content\/uploads\/2025\/10\/Larident-logo-300x117.png\" class=\"attachment-medium size-medium\" alt=\"\" srcset=\"https:\/\/goldberg.lv\/wp-content\/uploads\/2025\/10\/Larident-logo-300x117.png 300w, https:\/\/goldberg.lv\/wp-content\/uploads\/2025\/10\/Larident-logo-150x58.png 150w, https:\/\/goldberg.lv\/wp-content\/uploads\/2025\/10\/Larident-logo.png 388w\" sizes=\"auto, (max-width: 300px) 100vw, 300px\" \/>\t\t\t\t\t\t\t\t\t\t\t\t\t\t\t\n\t\t\t\t\t\t\t<\/div>\n\t\t\t\t\t\t<\/div>\n\t\t\t\t\t\t\t\t\t\t<div class=\"info-box-content\">\n\t\t\t\t\t\t<h4 class=\"info-box-title title box-title-style-default wd-fontsize-m\">Larident<\/h4>\t\t\t\t\t\t<div class=\"info-box-inner reset-last-child\"><\/div>\n\n\t\t\t\t\t\t<div class=\"info-btn-wrapper\"><div id=\"wd-69f22b45907a9\" class=\"wd-button-wrapper text-left\"><a href=\"https:\/\/goldberg.lv\/catalogs\/larident.pdf\" title=\"Larident katalogs\" class=\"btn btn-color-primary btn-style-default btn-shape-round btn-size-small btn-icon-pos-right\">Katalogs<span class=\"wd-btn-icon\"><span class=\"wd-icon fa fa-solid fa-download\"><\/span><\/span><\/a><\/div><\/div>\t\t\t\t\t<\/div>\n\n\t\t\t\t\t\n\t\t\t\t\t\t\t\t\t<\/div>\n\t\t\t<\/div>\n\t\t<div class=\"vc_empty_space\"   style=\"height: 32px\"><span class=\"vc_empty_space_inner\"><\/span><\/div><\/div><\/div><\/div><\/div><div class=\"vc_row wpb_row vc_row-fluid\"><div class=\"wpb_column vc_column_container vc_col-sm-6\"><div class=\"vc_column-inner\"><div class=\"wpb_wrapper\">\t\t\t<div class=\"info-box-wrapper\">\n\t\t\t\t<div id=\"wd-690377ad00612\" class=\"wd-rs-690377ad00612 wd-info-box wd-wpb text-left box-icon-align-top box-style- color-scheme- wd-bg-none with-btn box-btn-static\">\n\t\t\t\t\t\t\t\t\t\t\t<div class=\"box-icon-wrapper  box-with-icon box-icon-simple\">\n\t\t\t\t\t\t\t<div class=\"info-box-icon\">\n\n\t\t\t\t\t\t\t\n\t\t\t\t\t\t\t\t\t\t\t\t\t\t\t\t\t<img loading=\"lazy\" decoding=\"async\" width=\"300\" height=\"86\" src=\"https:\/\/goldberg.lv\/wp-content\/uploads\/2025\/10\/premium-plus-300x86.png\" class=\"attachment-medium size-medium\" alt=\"\" srcset=\"https:\/\/goldberg.lv\/wp-content\/uploads\/2025\/10\/premium-plus-300x86.png 300w, https:\/\/goldberg.lv\/wp-content\/uploads\/2025\/10\/premium-plus-150x43.png 150w, https:\/\/goldberg.lv\/wp-content\/uploads\/2025\/10\/premium-plus.png 420w\" sizes=\"auto, (max-width: 300px) 100vw, 300px\" \/>\t\t\t\t\t\t\t\t\t\t\t\t\t\t\t\n\t\t\t\t\t\t\t<\/div>\n\t\t\t\t\t\t<\/div>\n\t\t\t\t\t\t\t\t\t\t<div class=\"info-box-content\">\n\t\t\t\t\t\t<h4 class=\"info-box-title title box-title-style-default wd-fontsize-m\">Premium Plus Polija<\/h4>\t\t\t\t\t\t<div class=\"info-box-inner reset-last-child\"><\/div>\n\n\t\t\t\t\t\t<div class=\"info-btn-wrapper\"><div id=\"wd-69f22b4590feb\" class=\"wd-button-wrapper text-left\"><a href=\"https:\/\/goldberg.lv\/catalogs\/premium_plus.pdf\" title=\"Premium Plus katalogs\" class=\"btn btn-color-primary btn-style-default btn-shape-round btn-size-small btn-icon-pos-right\">Katalogs<span class=\"wd-btn-icon\"><span class=\"wd-icon fa fa-solid fa-download\"><\/span><\/span><\/a><\/div><\/div>\t\t\t\t\t<\/div>\n\n\t\t\t\t\t\n\t\t\t\t\t\t\t\t\t<\/div>\n\t\t\t<\/div>\n\t\t<div class=\"vc_empty_space\"   style=\"height: 32px\"><span class=\"vc_empty_space_inner\"><\/span><\/div><\/div><\/div><\/div><div class=\"wpb_column vc_column_container vc_col-sm-6\"><div class=\"vc_column-inner\"><div class=\"wpb_wrapper\">\t\t\t<div class=\"info-box-wrapper\">\n\t\t\t\t<div id=\"wd-6903c1889790e\" class=\"wd-rs-6903c1889790e wd-info-box wd-wpb text-left box-icon-align-top box-style- color-scheme- wd-bg-none with-btn box-btn-static\">\n\t\t\t\t\t\t\t\t\t\t\t<div class=\"box-icon-wrapper  box-with-icon box-icon-simple\">\n\t\t\t\t\t\t\t<div class=\"info-box-icon\">\n\n\t\t\t\t\t\t\t\n\t\t\t\t\t\t\t\t\t\t\t\t\t\t\t\t\t\t\t\t\t\t\t\t\t\t\t\t\t\t\t\t\n\t\t\t\t\t\t\t<\/div>\n\t\t\t\t\t\t<\/div>\n\t\t\t\t\t\t\t\t\t\t<div class=\"info-box-content\">\n\t\t\t\t\t\t<h4 class=\"info-box-title title box-title-style-default wd-fontsize-m\">RESTAUR\u0100CIJAS UN AIZPILD\u012a\u0160ANAS MATERI\u0100LI<\/h4>\t\t\t\t\t\t<div class=\"info-box-inner reset-last-child\"><\/div>\n\n\t\t\t\t\t\t<div class=\"info-btn-wrapper\"><div id=\"wd-69f22b45916f6\" class=\"wd-button-wrapper text-left\"><a href=\"https:\/\/goldberg.lv\/catalogs\/perfection_plus.pdf\" title=\"Perfection Plus katalogs\" class=\"btn btn-color-primary btn-style-default btn-shape-round btn-size-small btn-icon-pos-right\">Katalogs<span class=\"wd-btn-icon\"><span class=\"wd-icon fa fa-solid fa-download\"><\/span><\/span><\/a><\/div><\/div>\t\t\t\t\t<\/div>\n\n\t\t\t\t\t\n\t\t\t\t\t\t\t\t\t<\/div>\n\t\t\t<\/div>\n\t\t<div class=\"vc_empty_space\"   style=\"height: 32px\"><span class=\"vc_empty_space_inner\"><\/span><\/div><\/div><\/div><\/div><\/div><div class=\"vc_row wpb_row vc_row-fluid\"><div class=\"wpb_column vc_column_container vc_col-sm-6\"><div class=\"vc_column-inner\"><div class=\"wpb_wrapper\">\t\t\t<div class=\"info-box-wrapper\">\n\t\t\t\t<div id=\"wd-690375c0b6568\" class=\"wd-rs-690375c0b6568 wd-info-box wd-wpb text-left box-icon-align-top box-style- color-scheme- wd-bg-none with-btn box-btn-static\">\n\t\t\t\t\t\t\t\t\t\t\t<div class=\"box-icon-wrapper  box-with-icon box-icon-simple\">\n\t\t\t\t\t\t\t<div class=\"info-box-icon\">\n\n\t\t\t\t\t\t\t\n\t\t\t\t\t\t\t\t\t\t\t\t\t\t\t\t\t<img loading=\"lazy\" decoding=\"async\" width=\"300\" height=\"225\" src=\"https:\/\/goldberg.lv\/wp-content\/uploads\/2025\/10\/nitrylex_classic-300x225.jpg\" class=\"attachment-medium size-medium\" alt=\"\" srcset=\"https:\/\/goldberg.lv\/wp-content\/uploads\/2025\/10\/nitrylex_classic-300x225.jpg 300w, https:\/\/goldberg.lv\/wp-content\/uploads\/2025\/10\/nitrylex_classic-150x113.jpg 150w, https:\/\/goldberg.lv\/wp-content\/uploads\/2025\/10\/nitrylex_classic.jpg 500w\" sizes=\"auto, (max-width: 300px) 100vw, 300px\" \/>\t\t\t\t\t\t\t\t\t\t\t\t\t\t\t\n\t\t\t\t\t\t\t<\/div>\n\t\t\t\t\t\t<\/div>\n\t\t\t\t\t\t\t\t\t\t<div class=\"info-box-content\">\n\t\t\t\t\t\t<h4 class=\"info-box-title title box-title-style-default wd-fontsize-m\">Cimdi<\/h4>\t\t\t\t\t\t<div class=\"info-box-inner reset-last-child\"><\/div>\n\n\t\t\t\t\t\t<div class=\"info-btn-wrapper\"><div id=\"wd-69f22b4591ed2\" class=\"wd-button-wrapper text-left\"><a  class=\"btn btn-color-primary btn-style-default btn-shape-round btn-size-small btn-icon-pos-right\">Katalogs<span class=\"wd-btn-icon\"><span class=\"wd-icon fa fa-solid fa-download\"><\/span><\/span><\/a><\/div><\/div>\t\t\t\t\t<\/div>\n\n\t\t\t\t\t\n\t\t\t\t\t\t\t\t\t<\/div>\n\t\t\t<\/div>\n\t\t<div class=\"vc_empty_space\"   style=\"height: 32px\"><span class=\"vc_empty_space_inner\"><\/span><\/div><\/div><\/div><\/div><div class=\"wpb_column vc_column_container vc_col-sm-6\"><div class=\"vc_column-inner\"><div class=\"wpb_wrapper\"><\/div><\/div><\/div><\/div>\n<\/div>","protected":false},"excerpt":{"rendered":"Sogeva SRL Catalogue Larident Catalogue Premium Plus Poland Catalogue RESTORATION AND FILLING MATERIALS Catalogue Gloves Catalogue","protected":false},"author":1,"featured_media":0,"parent":0,"menu_order":0,"comment_status":"closed","ping_status":"closed","template":"","meta":{"footnotes":""},"class_list":["post-57","page","type-page","status-publish","hentry"],"_links":{"self":[{"href":"https:\/\/goldberg.lv\/lv\/wp-json\/wp\/v2\/pages\/57","targetHints":{"allow":["GET"]}}],"collection":[{"href":"https:\/\/goldberg.lv\/lv\/wp-json\/wp\/v2\/pages"}],"about":[{"href":"https:\/\/goldberg.lv\/lv\/wp-json\/wp\/v2\/types\/page"}],"author":[{"embeddable":true,"href":"https:\/\/goldberg.lv\/lv\/wp-json\/wp\/v2\/users\/1"}],"replies":[{"embeddable":true,"href":"https:\/\/goldberg.lv\/lv\/wp-json\/wp\/v2\/comments?post=57"}],"version-history":[{"count":8,"href":"https:\/\/goldberg.lv\/lv\/wp-json\/wp\/v2\/pages\/57\/revisions"}],"predecessor-version":[{"id":179,"href":"https:\/\/goldberg.lv\/lv\/wp-json\/wp\/v2\/pages\/57\/revisions\/179"}],"wp:attachment":[{"href":"https:\/\/goldberg.lv\/lv\/wp-json\/wp\/v2\/media?parent=57"}],"curies":[{"name":"wp","href":"https:\/\/api.w.org\/{rel}","templated":true}]}}