{"id":21,"date":"2025-10-30T11:58:18","date_gmt":"2025-10-30T11:58:18","guid":{"rendered":"https:\/\/goldberg.lv\/?page_id=21"},"modified":"2026-03-05T16:01:33","modified_gmt":"2026-03-05T13:01:33","slug":"home","status":"publish","type":"page","link":"https:\/\/goldberg.lv\/lv\/","title":{"rendered":"S\u0101kums"},"content":{"rendered":"<div class=\"wpb-content-wrapper\"><div class=\"vc_row wpb_row vc_row-fluid\"><div class=\"wpb_column vc_column_container vc_col-sm-12\"><div class=\"vc_column-inner\"><div class=\"wpb_wrapper\">\n\t<div class=\"wpb_text_column wpb_content_element\" >\n\t\t<div class=\"wpb_wrapper\">\n\t\t\t<blockquote style=\"margin:0; padding:0;\">\n<h1 style=\"    text-align: center;    font-weight: 900;    letter-spacing: 1.4px;    text-transform: uppercase;    margin: 0;    line-height: 1.15;    text-shadow: 0 1px 2px rgba(0,0,0,0.18);  \"><br \/>\n    \u0100RSTIEM TIKAI LAB\u0100KO !<\/h1>\n<\/blockquote>\n\n\t\t<\/div>\n\t<\/div>\n\t\t\t<link rel=\"stylesheet\" id=\"xts-style-term-109-css\" href=\"https:\/\/goldberg.lv\/wp-content\/uploads\/2026\/01\/xts-term-109-1767971968.css?ver=8.3.8\" type=\"text\/css\" media=\"all\">  \t\t\t<style>\t\t\t\t\t\t\t#slide-4352.woodmart-loaded .wd-slide-bg {\n\t\t\t\t\t\t\t\t\t}\n\n\t\t\t\t#slide-4352 .wd-slide-bg {\n\t\t\t\t\t\t\t\t\n\t\t\t\t\t\t\t\t\t\t\t\t\t\n\t\t\t\t\t\t\t}\n\n\t\t\t\t#slide-4352 .wd-slide-bg img {\n\t\t\t\t\t\n\t\t\t\t\t\t\t\t\t\t\t\t\t\t\t\t\t\t\t\t}\n\n\t\t\t\n\t\t\t\t\t\t\t\t\t#slide-4352 .wd-slide-inner {\n\t\t\t\t\t\t\t\t\t\t\t}\n\t\t\t\t\n\t\t\t\t@media (max-width: 1024px) {\n\t\t\t\t\n\t\t\t\t\n\t\t\t\t\n\t\t\t\t\n\t\t\t\t\t\t\t\t\t#slide-4352 .wd-slide-inner {\n\t\t\t\t\t\t\t\t\t\t\t}\n\t\t\t\t\n\t\t\t\t\t#slide-4352 .wd-slide-bg {\n\t\t\t\t\t\t\t\t\t\t\t\t\t\t\t\t\n\t\t\t\t\t\t\t\t\t\t\t\t\t\t\t\t\t\t\t\t\t}\n\t\t\t\t}\n\n\t\t\t\t@media (max-width: 767px) {\n\t\t\t\t\n\t\t\t\t\n\t\t\t\t\n\t\t\t\t\n\t\t\t\t\t\t\t\t\t\t#slide-4352 .wd-slide-inner {\n\t\t\t\t\t\t\t\t\t\t\t\t\t}\n\t\t\t\t\t\n\t\t\t\t\t#slide-4352 .wd-slide-bg {\n\t\t\t\t\t\t\t\t\t\t\t\t\t\t\t\t\t\t\n\t\t\t\t\t\t\t\t\t\t\t\t\t\t\t\t\t\t\t\t\t\t\t}\n\t\t\t\t}\n\n\t\t\t\t\n\t\t\t\t\t\t\t\t\t\t\t\t\t\t\t#slide-4375.woodmart-loaded .wd-slide-bg {\n\t\t\t\t\t\t\t\t\t}\n\n\t\t\t\t#slide-4375 .wd-slide-bg {\n\t\t\t\t\t\t\t\t\n\t\t\t\t\t\t\t\t\t\t\t\t\t\n\t\t\t\t\t\t\t}\n\n\t\t\t\t#slide-4375 .wd-slide-bg img {\n\t\t\t\t\t\n\t\t\t\t\t\t\t\t\t\t\t\t\t\t\t\t\t\t\t\t}\n\n\t\t\t\n\t\t\t\t\t\t\t\t\t#slide-4375 .wd-slide-inner {\n\t\t\t\t\t\t\t\t\t\t\t}\n\t\t\t\t\n\t\t\t\t@media (max-width: 1024px) {\n\t\t\t\t\n\t\t\t\t\n\t\t\t\t\n\t\t\t\t\n\t\t\t\t\t\t\t\t\t#slide-4375 .wd-slide-inner {\n\t\t\t\t\t\t\t\t\t\t\t}\n\t\t\t\t\n\t\t\t\t\t#slide-4375 .wd-slide-bg {\n\t\t\t\t\t\t\t\t\t\t\t\t\t\t\t\t\n\t\t\t\t\t\t\t\t\t\t\t\t\t\t\t\t\t\t\t\t\t}\n\t\t\t\t}\n\n\t\t\t\t@media (max-width: 767px) {\n\t\t\t\t\n\t\t\t\t\n\t\t\t\t\n\t\t\t\t\n\t\t\t\t\t\t\t\t\t\t#slide-4375 .wd-slide-inner {\n\t\t\t\t\t\t\t\t\t\t\t\t\t}\n\t\t\t\t\t\n\t\t\t\t\t#slide-4375 .wd-slide-bg {\n\t\t\t\t\t\t\t\t\t\t\t\t\t\t\t\t\t\t\n\t\t\t\t\t\t\t\t\t\t\t\t\t\t\t\t\t\t\t\t\t\t\t}\n\t\t\t\t}\n\n\t\t\t\t\n\t\t\t\t\t\t\t\t<\/style>\n\t\t<div id=\"slider-109\" data-id=\"109\" class=\"wd-slider wd-carousel-container wd-anim- wd-section-container\">\n\t\t\t<div class=\"wd-carousel-inner\">\n\t\t\t\t<div class=\"wd-carousel wd-grid\" data-wrap=\"yes\" data-autoheight=\"yes\" data-scroll_per_page=\"yes\" data-sliding_speed=\"700\" style=\"--wd-col-lg:1;--wd-col-md:1;--wd-col-sm:1;\">\n\t\t\t\t\t<div class=\"wd-carousel-wrap\">\n\t\t\t\t\t\t\t\t\t\t\t\t\t\t\t\t\t\t\t\t<div id=\"slide-4352\" class=\"wd-slide wd-carousel-item woodmart-loaded\" >\n\t\t\t\t\t\t\t\t\t\t\t\t\t\t\t\t<div class=\"container wd-slide-container content-fixed\">\n\t\t\t\t\t\t\t\t\t<div class=\"wd-slide-inner\">\n\t\t\t\t\t\t\t\t\t\t\t\t\t\t\t\t\t\t\t\t\t\t\t\t\t\t\t\t\t\t\t\t\t\t\t\t\t\t\t\t<\/div>\n\t\t\t\t\t\t\t\t<\/div>\n\n\t\t\t\t\t\t\t\t<div class=\"wd-slide-bg wd-fill\">\n\t\t\t\t\t\t\t\t\t\t\t\t\t\t\t\t\t\t\t<img loading=\"lazy\" decoding=\"async\" width=\"1280\" height=\"720\" src=\"https:\/\/goldberg.lv\/wp-content\/uploads\/2025\/12\/image.jpg\" class=\"attachment-full size-full\" alt=\"\" srcset=\"https:\/\/goldberg.lv\/wp-content\/uploads\/2025\/12\/image.jpg 1280w, https:\/\/goldberg.lv\/wp-content\/uploads\/2025\/12\/image-300x169.jpg 300w, https:\/\/goldberg.lv\/wp-content\/uploads\/2025\/12\/image-1024x576.jpg 1024w, https:\/\/goldberg.lv\/wp-content\/uploads\/2025\/12\/image-768x432.jpg 768w, https:\/\/goldberg.lv\/wp-content\/uploads\/2025\/12\/image-18x10.jpg 18w, https:\/\/goldberg.lv\/wp-content\/uploads\/2025\/12\/image-600x338.jpg 600w, https:\/\/goldberg.lv\/wp-content\/uploads\/2025\/12\/image-150x84.jpg 150w\" sizes=\"auto, (max-width: 1280px) 100vw, 1280px\" \/>\t\t\t\t\t\t\t\t\t\t\t\t\t\t\t\t\t<\/div>\n\n\t\t\t\t\t\t\t\t\t\t\t\t\t\t\t<\/div>\n\n\t\t\t\t\t\t\t\t\t\t\t\t\t\t\t\t\t\t\t\t\t\t\t\t\t\t\t\t\t\t\t\t\t\t\t\t\t\t\t\t\t\t<div id=\"slide-4375\" class=\"wd-slide wd-carousel-item\" >\n\t\t\t\t\t\t\t\t\t\t\t\t\t\t\t\t<div class=\"container wd-slide-container content-fixed\">\n\t\t\t\t\t\t\t\t\t<div class=\"wd-slide-inner\">\n\t\t\t\t\t\t\t\t\t\t\t\t\t\t\t\t\t\t\t\t\t\t\t\t\t\t\t\t\t\t\t\t\t\t\t\t\t\t\t\t<\/div>\n\t\t\t\t\t\t\t\t<\/div>\n\n\t\t\t\t\t\t\t\t<div class=\"wd-slide-bg wd-fill\">\n\t\t\t\t\t\t\t\t\t\t\t\t\t\t\t\t\t\t\t<img loading=\"lazy\" decoding=\"async\" width=\"1280\" height=\"720\" src=\"https:\/\/goldberg.lv\/wp-content\/uploads\/2025\/12\/image-1.jpg\" class=\"attachment-full size-full\" alt=\"\" srcset=\"https:\/\/goldberg.lv\/wp-content\/uploads\/2025\/12\/image-1.jpg 1280w, https:\/\/goldberg.lv\/wp-content\/uploads\/2025\/12\/image-1-300x169.jpg 300w, https:\/\/goldberg.lv\/wp-content\/uploads\/2025\/12\/image-1-1024x576.jpg 1024w, https:\/\/goldberg.lv\/wp-content\/uploads\/2025\/12\/image-1-768x432.jpg 768w, https:\/\/goldberg.lv\/wp-content\/uploads\/2025\/12\/image-1-18x10.jpg 18w, https:\/\/goldberg.lv\/wp-content\/uploads\/2025\/12\/image-1-600x338.jpg 600w, https:\/\/goldberg.lv\/wp-content\/uploads\/2025\/12\/image-1-150x84.jpg 150w\" sizes=\"auto, (max-width: 1280px) 100vw, 1280px\" \/>\t\t\t\t\t\t\t\t\t\t\t\t\t\t\t\t\t<\/div>\n\n\t\t\t\t\t\t\t\t\t\t\t\t\t\t\t<\/div>\n\n\t\t\t\t\t\t\t\t\t\t\t\t\t\t\t\t\t\t<\/div>\n\t\t\t\t<\/div>\n\n\t\t\t\t\t\t\t\t\t\t\t\t\t\t<div class=\"wd-nav-arrows wd-slider-arrows wd-custom-style wd-style-1 wd-pos-sep\">\n\t\t\t\t\t\t<div class=\"wd-btn-arrow wd-prev\">\n\t\t\t\t\t\t\t<div class=\"wd-arrow-inner\"><\/div>\n\t\t\t\t\t\t<\/div>\n\t\t\t\t\t\t<div class=\"wd-btn-arrow wd-next\">\n\t\t\t\t\t\t\t<div class=\"wd-arrow-inner\"><\/div>\n\t\t\t\t\t\t<\/div>\n\t\t\t\t\t<\/div>\n\t\t\t\t\t\t\t<\/div>\n\n\t\t\t\t\t\t\t\t\t\t\t<div class=\"wd-nav-pagin-wrap wd-slider-pagin wd-custom-style wd-style-shape-1 text-center\">\n\t\t\t\t\t<ul class=\"wd-nav-pagin\"><\/ul>\n\t\t\t\t<\/div>\n\t\t\t\t\t<\/div>\n\t\t<div class=\"vc_empty_space\"   style=\"height: 32px\"><span class=\"vc_empty_space_inner\"><\/span><\/div><\/div><\/div><\/div><\/div><div class=\"vc_row wpb_row vc_row-fluid\"><div class=\"wpb_column vc_column_container vc_col-sm-12\"><div class=\"vc_column-inner\"><div class=\"wpb_wrapper\">\t\t\t<div id=\"\" class=\"wd-products-element wd-rs-69038e8791676 wd-wpb with-title\">\n\t\t\t<h4 class=\"wd-el-title title element-title\">Izv\u0113l\u0113tie produkti<\/h4>\n\t\t\n\t\t\t\t\t<div class=\"products wd-products  grid-columns-4 elements-grid wd-grid-g\" data-paged=\"1\" data-atts=\"{&quot;post_type&quot;:&quot;featured&quot;,&quot;element_title&quot;:&quot;Featured Products&quot;,&quot;sale_countdown&quot;:&quot;0&quot;,&quot;stock_progress_bar&quot;:&quot;0&quot;,&quot;highlighted_products&quot;:&quot;0&quot;,&quot;products_bordered_grid&quot;:&quot;0&quot;,&quot;products_with_background&quot;:&quot;0&quot;,&quot;products_shadow&quot;:&quot;0&quot;,&quot;woodmart_css_id&quot;:&quot;69038e8791676&quot;,&quot;force_not_ajax&quot;:&quot;no&quot;}\" data-source=\"shortcode\" data-columns=\"4\" data-grid-gallery=\"\" style=\"--wd-col-lg:4;--wd-col-md:4;--wd-col-sm:2;--wd-gap-lg:20px;--wd-gap-sm:10px;\">\n\t\t\t<div class=\"wd-product wd-with-labels wd-hover-quick wd-col product-grid-item product type-product post-4319 status-publish outofstock product_cat-ergodenta featured shipping-taxable purchasable product-type-simple\" data-loop=\"1\" data-id=\"4319\">\n\t\n\t\n<div class=\"product-wrapper\">\n\t<div class=\"product-element-top wd-quick-shop\">\n\t\t<a href=\"https:\/\/goldberg.lv\/lv\/shop\/exprlorer-23-who-probe\/\" class=\"product-image-link\" tabindex=\"-1\" aria-label=\"Exprlorer 23 + WHO Probe\">\n\t\t\t<div class=\"product-labels labels-rounded-sm\"><span class=\"out-of-stock product-label\">Sold out<\/span><span class=\"featured product-label\">Hot<\/span><\/div><img loading=\"lazy\" decoding=\"async\" width=\"300\" height=\"300\" src=\"https:\/\/goldberg.lv\/wp-content\/uploads\/woocommerce-placeholder-300x300.webp\" class=\"woocommerce-placeholder wp-post-image\" alt=\"Vietturis\" srcset=\"https:\/\/goldberg.lv\/wp-content\/uploads\/woocommerce-placeholder-300x300.webp 300w, https:\/\/goldberg.lv\/wp-content\/uploads\/woocommerce-placeholder-150x150.webp 150w, https:\/\/goldberg.lv\/wp-content\/uploads\/woocommerce-placeholder-600x600.webp 600w, https:\/\/goldberg.lv\/wp-content\/uploads\/woocommerce-placeholder-1024x1024.webp 1024w, https:\/\/goldberg.lv\/wp-content\/uploads\/woocommerce-placeholder-768x768.webp 768w, https:\/\/goldberg.lv\/wp-content\/uploads\/woocommerce-placeholder.webp 1200w\" sizes=\"auto, (max-width: 300px) 100vw, 300px\" data-no-translation-alt=\"\" \/>\t\t<\/a>\n\n\t\t\t\t<div class=\"wd-buttons wd-pos-r-t\">\n\t\t\t\t\t\t\t\t\t\t\t<div class=\"quick-view wd-action-btn wd-style-icon wd-quick-view-icon\">\n\t\t\t<a\n\t\t\t\thref=\"https:\/\/goldberg.lv\/lv\/shop\/exprlorer-23-who-probe\/\"\n\t\t\t\tclass=\"open-quick-view quick-view-button\"\n\t\t\t\trel=\"nofollow\"\n\t\t\t\tdata-id=\"4319\"\n\t\t\t\t>\u0100trs skats<\/a>\n\t\t<\/div>\n\t\t\t\t\t\t\t<\/div>\n\n\t\t\t\t\t<div class=\"wd-add-btn wd-add-btn-replace\">\n\t\t\t\t\n\t\t\t\t<a href=\"https:\/\/goldberg.lv\/lv\/shop\/exprlorer-23-who-probe\/\" aria-describedby=\"woocommerce_loop_add_to_cart_link_describedby_4319\" data-quantity=\"1\" class=\"button product_type_simple add-to-cart-loop\" data-product_id=\"4319\" data-product_sku=\"ED181309SS0000\" aria-label=\"Lasiet vair\u0101k par \u201cExprlorer 23 + WHO Probe\u201d\" rel=\"nofollow\" data-success_message=\"\" data-no-translation-aria-label=\"\"><span data-no-translation=\"\" data-trp-gettext=\"\">Las\u012bt vair\u0101k<\/span><\/a>\t<span id=\"woocommerce_loop_add_to_cart_link_describedby_4319\" class=\"screen-reader-text\">\n\t\t\t<\/span>\n\t\t\t\t\t\t\t<\/div>\n\t\t\t<\/div>\n\t\t\t<h3 class=\"wd-entities-title\" data-no-auto-translation=\"\"><a href=\"https:\/\/goldberg.lv\/lv\/shop\/exprlorer-23-who-probe\/\">Exprlorer 23 + WHO Probe<\/a><\/h3>\n\t\t\t<div class=\"wd-product-cats\">\n\t\t\t<a href=\"https:\/\/goldberg.lv\/lv\/produkta-kategorija\/ergodenta\/\" rel=\"tag\">ERGODENTA<\/a>\t\t<\/div>\n\t\t\t\t\n\t<span class=\"price\"><span class=\"woocommerce-Price-amount amount\"><bdi>20,04&nbsp;<span class=\"woocommerce-Price-currencySymbol\">\u20ac<\/span><\/bdi><\/span><\/span>\n\n\t\n\t\n\t\t<\/div>\n<\/div>\n<div class=\"wd-product wd-with-labels wd-hover-quick wd-col product-grid-item product type-product post-4296 status-publish instock product_cat-disinfection-sterilization product_cat-sogeva has-post-thumbnail featured shipping-taxable purchasable product-type-simple\" data-loop=\"2\" data-id=\"4296\">\n\t\n\t\n<div class=\"product-wrapper\">\n\t<div class=\"product-element-top wd-quick-shop\">\n\t\t<a href=\"https:\/\/goldberg.lv\/lv\/shop\/flat-roll-sogeva-mm-300x200m\/\" class=\"product-image-link\" tabindex=\"-1\" aria-label=\"FLAT ROLL SOGEVA MM.300X200M\">\n\t\t\t<div class=\"product-labels labels-rounded-sm\"><span class=\"featured product-label\">Hot<\/span><\/div><img loading=\"lazy\" decoding=\"async\" width=\"300\" height=\"300\" src=\"https:\/\/goldberg.lv\/wp-content\/uploads\/2025\/11\/flat-reel-2-300x300.jpeg\" class=\"attachment-woocommerce_thumbnail size-woocommerce_thumbnail\" alt=\"\" srcset=\"https:\/\/goldberg.lv\/wp-content\/uploads\/2025\/11\/flat-reel-2-300x300.jpeg 300w, https:\/\/goldberg.lv\/wp-content\/uploads\/2025\/11\/flat-reel-2-150x150.jpeg 150w\" sizes=\"auto, (max-width: 300px) 100vw, 300px\" \/>\t\t<\/a>\n\n\t\t\t\t<div class=\"wd-buttons wd-pos-r-t\">\n\t\t\t\t\t\t\t\t\t\t\t<div class=\"quick-view wd-action-btn wd-style-icon wd-quick-view-icon\">\n\t\t\t<a\n\t\t\t\thref=\"https:\/\/goldberg.lv\/lv\/shop\/flat-roll-sogeva-mm-300x200m\/\"\n\t\t\t\tclass=\"open-quick-view quick-view-button\"\n\t\t\t\trel=\"nofollow\"\n\t\t\t\tdata-id=\"4296\"\n\t\t\t\t>\u0100trs skats<\/a>\n\t\t<\/div>\n\t\t\t\t\t\t\t<\/div>\n\n\t\t\t\t\t<div class=\"wd-add-btn wd-add-btn-replace\">\n\t\t\t\t\n\t\t\t\t<a href=\"\/lv\/wp-json\/wp\/v2\/pages\/21?add-to-cart=4296\" aria-describedby=\"woocommerce_loop_add_to_cart_link_describedby_4296\" data-quantity=\"1\" class=\"button product_type_simple add_to_cart_button ajax_add_to_cart add-to-cart-loop\" data-product_id=\"4296\" data-product_sku=\"SG22RSOGTUV300\" aria-label=\"Pievienot grozam: \u201cFLAT ROLL SOGEVA MM.300X200M\u201d\" rel=\"nofollow\" data-success_message=\"\u201cFLAT ROLL SOGEVA MM.300X200M\u201d ir pievienots J\u016bsu pas\u016bt\u012bjumam\" role=\"button\" data-no-translation-aria-label=\"\" data-no-translation-data-success_message=\"\"><span data-no-translation=\"\" data-trp-gettext=\"\">Pievienot grozam<\/span><\/a>\t<span id=\"woocommerce_loop_add_to_cart_link_describedby_4296\" class=\"screen-reader-text\">\n\t\t\t<\/span>\n\t\t\t\t\t\t\t<\/div>\n\t\t\t<\/div>\n\t\t\t<h3 class=\"wd-entities-title\" data-no-auto-translation=\"\"><a href=\"https:\/\/goldberg.lv\/lv\/shop\/flat-roll-sogeva-mm-300x200m\/\">FLAT ROLL SOGEVA MM.300X200M<\/a><\/h3>\n\t\t\t<div class=\"wd-product-cats\">\n\t\t\t<a href=\"https:\/\/goldberg.lv\/lv\/produkta-kategorija\/disinfection-sterilization\/\" rel=\"tag\">Dezinfekcija un steriliz\u0101cija<\/a>, <a href=\"https:\/\/goldberg.lv\/lv\/produkta-kategorija\/sogeva\/\" rel=\"tag\">SOGEVA<\/a>\t\t<\/div>\n\t\t\t\t\n\t<span class=\"price\"><span class=\"woocommerce-Price-amount amount\"><bdi>50,84&nbsp;<span class=\"woocommerce-Price-currencySymbol\">\u20ac<\/span><\/bdi><\/span><\/span>\n\n\t\n\t\n\t\t<\/div>\n<\/div>\n<div class=\"wd-product wd-with-labels wd-hover-quick wd-col product-grid-item product type-product post-4298 status-publish last outofstock product_cat-endodontics product_cat-xpedent has-post-thumbnail featured shipping-taxable purchasable product-type-simple\" data-loop=\"3\" data-id=\"4298\">\n\t\n\t\n<div class=\"product-wrapper\">\n\t<div class=\"product-element-top wd-quick-shop\">\n\t\t<a href=\"https:\/\/goldberg.lv\/lv\/shop\/scaler-tips-sirona-es1\/\" class=\"product-image-link\" tabindex=\"-1\" aria-label=\"Scaler tips SIRONA ES1\">\n\t\t\t<div class=\"product-labels labels-rounded-sm\"><span class=\"out-of-stock product-label\">Sold out<\/span><span class=\"featured product-label\">Hot<\/span><\/div><img loading=\"lazy\" decoding=\"async\" width=\"300\" height=\"300\" src=\"https:\/\/goldberg.lv\/wp-content\/uploads\/2025\/11\/E1-300x300.jpg\" class=\"attachment-woocommerce_thumbnail size-woocommerce_thumbnail\" alt=\"\" srcset=\"https:\/\/goldberg.lv\/wp-content\/uploads\/2025\/11\/E1-300x300.jpg 300w, https:\/\/goldberg.lv\/wp-content\/uploads\/2025\/11\/E1-150x150.jpg 150w\" sizes=\"auto, (max-width: 300px) 100vw, 300px\" \/>\t\t<\/a>\n\n\t\t\t\t<div class=\"wd-buttons wd-pos-r-t\">\n\t\t\t\t\t\t\t\t\t\t\t<div class=\"quick-view wd-action-btn wd-style-icon wd-quick-view-icon\">\n\t\t\t<a\n\t\t\t\thref=\"https:\/\/goldberg.lv\/lv\/shop\/scaler-tips-sirona-es1\/\"\n\t\t\t\tclass=\"open-quick-view quick-view-button\"\n\t\t\t\trel=\"nofollow\"\n\t\t\t\tdata-id=\"4298\"\n\t\t\t\t>\u0100trs skats<\/a>\n\t\t<\/div>\n\t\t\t\t\t\t\t<\/div>\n\n\t\t\t\t\t<div class=\"wd-add-btn wd-add-btn-replace\">\n\t\t\t\t\n\t\t\t\t<a href=\"https:\/\/goldberg.lv\/lv\/shop\/scaler-tips-sirona-es1\/\" aria-describedby=\"woocommerce_loop_add_to_cart_link_describedby_4298\" data-quantity=\"1\" class=\"button product_type_simple add-to-cart-loop\" data-product_id=\"4298\" data-product_sku=\"XP070700000101\" aria-label=\"Lasiet vair\u0101k par \u201cScaler tips SIRONA ES1\u201d\" rel=\"nofollow\" data-success_message=\"\" data-no-translation-aria-label=\"\"><span data-no-translation=\"\" data-trp-gettext=\"\">Las\u012bt vair\u0101k<\/span><\/a>\t<span id=\"woocommerce_loop_add_to_cart_link_describedby_4298\" class=\"screen-reader-text\">\n\t\t\t<\/span>\n\t\t\t\t\t\t\t<\/div>\n\t\t\t<\/div>\n\t\t\t<h3 class=\"wd-entities-title\" data-no-auto-translation=\"\"><a href=\"https:\/\/goldberg.lv\/lv\/shop\/scaler-tips-sirona-es1\/\">Scaler tips SIRONA ES1<\/a><\/h3>\n\t\t\t<div class=\"wd-product-cats\">\n\t\t\t<a href=\"https:\/\/goldberg.lv\/lv\/produkta-kategorija\/endodontics\/\" rel=\"tag\">Endodontija<\/a>, <a href=\"https:\/\/goldberg.lv\/lv\/produkta-kategorija\/xpedent\/\" rel=\"tag\">XPEDENT<\/a>\t\t<\/div>\n\t\t\t\t\n\t<span class=\"price\"><span class=\"woocommerce-Price-amount amount\"><bdi>27,83&nbsp;<span class=\"woocommerce-Price-currencySymbol\">\u20ac<\/span><\/bdi><\/span><\/span>\n\n\t\n\t\n\t\t<\/div>\n<\/div>\n<div class=\"wd-product wd-with-labels wd-hover-quick wd-col product-grid-item product type-product post-4299 status-publish first outofstock product_cat-hygiene product_cat-xpedent has-post-thumbnail featured shipping-taxable purchasable product-type-simple\" data-loop=\"4\" data-id=\"4299\">\n\t\n\t\n<div class=\"product-wrapper\">\n\t<div class=\"product-element-top wd-quick-shop\">\n\t\t<a href=\"https:\/\/goldberg.lv\/lv\/shop\/scaler-tips-sirona-srpe1\/\" class=\"product-image-link\" tabindex=\"-1\" aria-label=\"Scaler tips SIRONA srPE1\">\n\t\t\t<div class=\"product-labels labels-rounded-sm\"><span class=\"out-of-stock product-label\">Sold out<\/span><span class=\"featured product-label\">Hot<\/span><\/div><img loading=\"lazy\" decoding=\"async\" width=\"300\" height=\"300\" src=\"https:\/\/goldberg.lv\/wp-content\/uploads\/2025\/11\/srPE1-300x300.jpg\" class=\"attachment-woocommerce_thumbnail size-woocommerce_thumbnail\" alt=\"\" srcset=\"https:\/\/goldberg.lv\/wp-content\/uploads\/2025\/11\/srPE1-300x300.jpg 300w, https:\/\/goldberg.lv\/wp-content\/uploads\/2025\/11\/srPE1-150x150.jpg 150w\" sizes=\"auto, (max-width: 300px) 100vw, 300px\" \/>\t\t<\/a>\n\n\t\t\t\t<div class=\"wd-buttons wd-pos-r-t\">\n\t\t\t\t\t\t\t\t\t\t\t<div class=\"quick-view wd-action-btn wd-style-icon wd-quick-view-icon\">\n\t\t\t<a\n\t\t\t\thref=\"https:\/\/goldberg.lv\/lv\/shop\/scaler-tips-sirona-srpe1\/\"\n\t\t\t\tclass=\"open-quick-view quick-view-button\"\n\t\t\t\trel=\"nofollow\"\n\t\t\t\tdata-id=\"4299\"\n\t\t\t\t>\u0100trs skats<\/a>\n\t\t<\/div>\n\t\t\t\t\t\t\t<\/div>\n\n\t\t\t\t\t<div class=\"wd-add-btn wd-add-btn-replace\">\n\t\t\t\t\n\t\t\t\t<a href=\"https:\/\/goldberg.lv\/lv\/shop\/scaler-tips-sirona-srpe1\/\" aria-describedby=\"woocommerce_loop_add_to_cart_link_describedby_4299\" data-quantity=\"1\" class=\"button product_type_simple add-to-cart-loop\" data-product_id=\"4299\" data-product_sku=\"XP070700001501\" aria-label=\"Lasiet vair\u0101k par \u201cScaler tips SIRONA srPE1\u201d\" rel=\"nofollow\" data-success_message=\"\" data-no-translation-aria-label=\"\"><span data-no-translation=\"\" data-trp-gettext=\"\">Las\u012bt vair\u0101k<\/span><\/a>\t<span id=\"woocommerce_loop_add_to_cart_link_describedby_4299\" class=\"screen-reader-text\">\n\t\t\t<\/span>\n\t\t\t\t\t\t\t<\/div>\n\t\t\t<\/div>\n\t\t\t<h3 class=\"wd-entities-title\" data-no-auto-translation=\"\"><a href=\"https:\/\/goldberg.lv\/lv\/shop\/scaler-tips-sirona-srpe1\/\">Scaler tips SIRONA srPE1<\/a><\/h3>\n\t\t\t<div class=\"wd-product-cats\">\n\t\t\t<a href=\"https:\/\/goldberg.lv\/lv\/produkta-kategorija\/hygiene\/\" rel=\"tag\">Higi\u0113na un profilakse<\/a>, <a href=\"https:\/\/goldberg.lv\/lv\/produkta-kategorija\/xpedent\/\" rel=\"tag\">XPEDENT<\/a>\t\t<\/div>\n\t\t\t\t\n\t<span class=\"price\"><span class=\"woocommerce-Price-amount amount\"><bdi>35,09&nbsp;<span class=\"woocommerce-Price-currencySymbol\">\u20ac<\/span><\/bdi><\/span><\/span>\n\n\t\n\t\n\t\t<\/div>\n<\/div>\n\t\t\t<\/div>\n\t\t\t<\/div>\t\t\t<div id=\"\" class=\"wd-products-element wd-rs-69a97e5ecb150 wd-wpb with-title wd-hide\">\n\t\t\t<h4 class=\"wd-el-title title element-title\">Akcijas<\/h4>\n\t\t\n\t\t\t\t\t<\/div>\n\t\t\t<\/div><\/div><\/div><\/div>\n<\/div>","protected":false},"excerpt":{"rendered":"Perio. Skalo\u0161anai un sak\u0146u t\u012br\u012b\u0161anai dzi\u013cos smaganu kabat\u0101s.","protected":false},"author":1,"featured_media":0,"parent":0,"menu_order":0,"comment_status":"closed","ping_status":"closed","template":"","meta":{"footnotes":""},"class_list":["post-21","page","type-page","status-publish","hentry"],"_links":{"self":[{"href":"https:\/\/goldberg.lv\/lv\/wp-json\/wp\/v2\/pages\/21","targetHints":{"allow":["GET"]}}],"collection":[{"href":"https:\/\/goldberg.lv\/lv\/wp-json\/wp\/v2\/pages"}],"about":[{"href":"https:\/\/goldberg.lv\/lv\/wp-json\/wp\/v2\/types\/page"}],"author":[{"embeddable":true,"href":"https:\/\/goldberg.lv\/lv\/wp-json\/wp\/v2\/users\/1"}],"replies":[{"embeddable":true,"href":"https:\/\/goldberg.lv\/lv\/wp-json\/wp\/v2\/comments?post=21"}],"version-history":[{"count":13,"href":"https:\/\/goldberg.lv\/lv\/wp-json\/wp\/v2\/pages\/21\/revisions"}],"predecessor-version":[{"id":5616,"href":"https:\/\/goldberg.lv\/lv\/wp-json\/wp\/v2\/pages\/21\/revisions\/5616"}],"wp:attachment":[{"href":"https:\/\/goldberg.lv\/lv\/wp-json\/wp\/v2\/media?parent=21"}],"curies":[{"name":"wp","href":"https:\/\/api.w.org\/{rel}","templated":true}]}}